{"id":17,"date":"2024-12-07T12:52:32","date_gmt":"2024-12-07T12:52:32","guid":{"rendered":"https:\/\/inner-focus-books.com\/?page_id=17"},"modified":"2024-12-09T07:53:54","modified_gmt":"2024-12-09T07:53:54","slug":"about","status":"publish","type":"page","link":"https:\/\/inner-focus-books.com\/de\/about\/","title":{"rendered":"Wer wir sind"},"content":{"rendered":"<div class=\"wp-block-group alignfull has-background has-global-padding is-layout-constrained wp-container-core-group-is-layout-2 wp-block-group-is-layout-constrained\" style=\"background:linear-gradient(180deg,rgb(182,194,143) 0%,rgb(249,249,249) 100%);margin-top:0;margin-bottom:0;padding-top:var(--wp--preset--spacing--50);padding-right:var(--wp--preset--spacing--50);padding-bottom:var(--wp--preset--spacing--50);padding-left:var(--wp--preset--spacing--50)\">\n<div class=\"wp-block-columns alignwide is-layout-flex wp-container-core-columns-is-layout-1 wp-block-columns-is-layout-flex\">\n<div class=\"wp-block-column is-vertically-aligned-stretch is-layout-flow wp-block-column-is-layout-flow\" style=\"flex-basis:50%\">\n<div class=\"wp-block-group is-vertical is-content-justification-stretch is-layout-flex wp-container-core-group-is-layout-1 wp-block-group-is-layout-flex\" style=\"min-height:100%\">\n<h2 class=\"wp-block-heading\">Carsten Sch\u00f6fferle<\/h2>\n\n\n\n<p class=\"has-medium-font-size wp-container-content-1\" style=\"line-height:1.4\">Carsten ist ein einf\u00fchlsamer Therapeut und Heiler. Er verf\u00fcgt \u00fcber umfassende Erfahrung, auch in der Unterst\u00fctzung bei psychischen St\u00f6rungen wie Angst, Depressionen, PTBS, Schlafst\u00f6rungen, Einsamkeit und sozialer Isolation sowie bei Burnout und Ersch\u00f6pfung. \u00dcber mehrere Jahre hinweg war er in Deutschland praktisch t\u00e4tig.<br><br>Diese Buchreihe ist ein Herzensprojekt, das seine therapeutische Arbeit erg\u00e4nzt und es ihm erm\u00f6glicht, weit mehr Menschen zu erreichen als nur diejenigen, denen er in pers\u00f6nlichen Sitzungen direkt helfen kann.<\/p>\n<\/div>\n<\/div>\n\n\n\n<div class=\"wp-block-column is-vertically-aligned-center is-layout-flow wp-block-column-is-layout-flow\" style=\"flex-basis:50%\">\n<figure class=\"wp-block-image size-large is-style-rounded wp-duotone-unset-2 is-style-rounded--1\"><img loading=\"lazy\" decoding=\"async\" width=\"2560\" height=\"1920\" src=\"https:\/\/inner-focus-books.com\/wp-content\/uploads\/2024\/11\/001-edited-scaled.jpg\" alt=\"Photo of Carsten Sch\u00f6fferle\" class=\"wp-image-34\" style=\"aspect-ratio:4\/3;object-fit:cover\" srcset=\"https:\/\/inner-focus-books.com\/wp-content\/uploads\/2024\/11\/001-edited-scaled.jpg 2560w, https:\/\/inner-focus-books.com\/wp-content\/uploads\/2024\/11\/001-edited-300x225.jpg 300w, https:\/\/inner-focus-books.com\/wp-content\/uploads\/2024\/11\/001-edited-1024x768.jpg 1024w, https:\/\/inner-focus-books.com\/wp-content\/uploads\/2024\/11\/001-edited-768x576.jpg 768w, https:\/\/inner-focus-books.com\/wp-content\/uploads\/2024\/11\/001-edited-1536x1152.jpg 1536w, https:\/\/inner-focus-books.com\/wp-content\/uploads\/2024\/11\/001-edited-2048x1536.jpg 2048w\" sizes=\"auto, (max-width: 2560px) 100vw, 2560px\" \/><\/figure>\n<\/div>\n<\/div>\n<\/div>\n\n\n\n<div class=\"wp-block-group alignfull has-background has-global-padding is-layout-constrained wp-container-core-group-is-layout-3 wp-block-group-is-layout-constrained\" style=\"background:linear-gradient(180deg,rgb(194,161,143) 0%,rgb(249,249,249) 100%);margin-top:0;margin-bottom:0;padding-top:var(--wp--preset--spacing--50);padding-right:var(--wp--preset--spacing--50);padding-bottom:var(--wp--preset--spacing--50);padding-left:var(--wp--preset--spacing--50)\">\n<div class=\"wp-block-columns alignwide is-layout-flex wp-container-core-columns-is-layout-2 wp-block-columns-is-layout-flex\">\n<div class=\"wp-block-column is-vertically-aligned-center is-layout-flow wp-block-column-is-layout-flow\" style=\"flex-basis:60%\">\n<figure class=\"wp-block-image size-full is-style-rounded wp-duotone-unset-4 is-style-rounded--3\"><img loading=\"lazy\" decoding=\"async\" width=\"534\" height=\"400\" src=\"https:\/\/inner-focus-books.com\/wp-content\/uploads\/2024\/11\/IMG_6615-edited.jpeg\" alt=\"Photo of Verena Venus\" class=\"wp-image-25\" style=\"aspect-ratio:4\/3;object-fit:cover\" srcset=\"https:\/\/inner-focus-books.com\/wp-content\/uploads\/2024\/11\/IMG_6615-edited.jpeg 534w, https:\/\/inner-focus-books.com\/wp-content\/uploads\/2024\/11\/IMG_6615-edited-300x225.jpeg 300w\" sizes=\"auto, (max-width: 534px) 100vw, 534px\" \/><\/figure>\n<\/div>\n\n\n\n<div class=\"wp-block-column is-layout-flow wp-block-column-is-layout-flow\" style=\"flex-basis:40%\">\n<h2 class=\"wp-block-heading\">Verena Venus<\/h2>\n\n\n\n<p>Verena ist eine leidenschaftliche K\u00fcnstlerin, Lebenscoach f\u00fcr Kunsttherapie und Yogalehrerin. Auf ihrem eigenen Heilungsweg entdeckte sie die transformative Kraft der Kunst als Mittel zur Selbstentwicklung und Heilung.<br><br>Ihre Leidenschaft f\u00fcr Kunst und das Helfen von anderen brachte sie dazu, zu erkennen, dass sie noch viel mehr tun kann, um die Belastungen des modernen Lebens zu lindern. Ihre sorgf\u00e4ltig handgefertigten Ausmalmuster erm\u00f6glichen es jedem, eigene, farbenfrohe Kunstwerke als Achtsamkeitspraxis zu erschaffen.<\/p>\n<\/div>\n<\/div>\n<\/div>","protected":false},"excerpt":{"rendered":"<p>Carsten Sch\u00f6fferle Carsten is an empathetic therapist and healer. Experienced in aiding with mental disorders like anxiety, depression, PTSD, sleep disorders, loneliness and social isolation, as well as burnout and fatigue, he has practiced for several years. This book series is a heartfelt project complimenting his therapeutic efforts, reaching more people than just the ones [&hellip;]<\/p>\n","protected":false},"author":1,"featured_media":0,"parent":0,"menu_order":0,"comment_status":"closed","ping_status":"closed","template":"","meta":{"footnotes":""},"class_list":["post-17","page","type-page","status-publish","hentry"],"yoast_head":"<!-- This site is optimized with the Yoast SEO plugin v26.8 - https:\/\/yoast.com\/product\/yoast-seo-wordpress\/ -->\n<title>Who we are - InnerFocusBooks<\/title>\n<meta name=\"robots\" content=\"index, follow, max-snippet:-1, max-image-preview:large, max-video-preview:-1\" \/>\n<link rel=\"canonical\" href=\"https:\/\/inner-focus-books.com\/de\/about\/\" \/>\n<meta property=\"og:locale\" content=\"de_DE\" \/>\n<meta property=\"og:type\" content=\"article\" \/>\n<meta property=\"og:title\" content=\"Who we are - InnerFocusBooks\" \/>\n<meta property=\"og:description\" content=\"Carsten Sch\u00f6fferle Carsten is an empathetic therapist and healer. Experienced in aiding with mental disorders like anxiety, depression, PTSD, sleep disorders, loneliness and social isolation, as well as burnout and fatigue, he has practiced for several years. This book series is a heartfelt project complimenting his therapeutic efforts, reaching more people than just the ones [&hellip;]\" \/>\n<meta property=\"og:url\" content=\"https:\/\/inner-focus-books.com\/de\/about\/\" \/>\n<meta property=\"og:site_name\" content=\"InnerFocusBooks\" \/>\n<meta property=\"article:modified_time\" content=\"2024-12-09T07:53:54+00:00\" \/>\n<meta property=\"og:image\" content=\"https:\/\/inner-focus-books.com\/wp-content\/uploads\/2024\/11\/001-edited-scaled.jpg\" \/>\n<meta name=\"twitter:card\" content=\"summary_large_image\" \/>\n<meta name=\"twitter:label1\" content=\"Gesch\u00e4tzte Lesezeit\" \/>\n\t<meta name=\"twitter:data1\" content=\"2 Minuten\" \/>\n<script type=\"application\/ld+json\" class=\"yoast-schema-graph\">{\"@context\":\"https:\/\/schema.org\",\"@graph\":[{\"@type\":\"WebPage\",\"@id\":\"https:\/\/inner-focus-books.com\/about\/\",\"url\":\"https:\/\/inner-focus-books.com\/about\/\",\"name\":\"Who we are - InnerFocusBooks\",\"isPartOf\":{\"@id\":\"https:\/\/inner-focus-books.com\/#website\"},\"primaryImageOfPage\":{\"@id\":\"https:\/\/inner-focus-books.com\/about\/#primaryimage\"},\"image\":{\"@id\":\"https:\/\/inner-focus-books.com\/about\/#primaryimage\"},\"thumbnailUrl\":\"https:\/\/inner-focus-books.com\/wp-content\/uploads\/2024\/11\/001-edited-scaled.jpg\",\"datePublished\":\"2024-12-07T12:52:32+00:00\",\"dateModified\":\"2024-12-09T07:53:54+00:00\",\"breadcrumb\":{\"@id\":\"https:\/\/inner-focus-books.com\/about\/#breadcrumb\"},\"inLanguage\":\"de\",\"potentialAction\":[{\"@type\":\"ReadAction\",\"target\":[\"https:\/\/inner-focus-books.com\/about\/\"]}]},{\"@type\":\"ImageObject\",\"inLanguage\":\"de\",\"@id\":\"https:\/\/inner-focus-books.com\/about\/#primaryimage\",\"url\":\"https:\/\/inner-focus-books.com\/wp-content\/uploads\/2024\/11\/001-edited-scaled.jpg\",\"contentUrl\":\"https:\/\/inner-focus-books.com\/wp-content\/uploads\/2024\/11\/001-edited-scaled.jpg\"},{\"@type\":\"BreadcrumbList\",\"@id\":\"https:\/\/inner-focus-books.com\/about\/#breadcrumb\",\"itemListElement\":[{\"@type\":\"ListItem\",\"position\":1,\"name\":\"Home\",\"item\":\"https:\/\/inner-focus-books.com\/\"},{\"@type\":\"ListItem\",\"position\":2,\"name\":\"Who we are\"}]},{\"@type\":\"WebSite\",\"@id\":\"https:\/\/inner-focus-books.com\/#website\",\"url\":\"https:\/\/inner-focus-books.com\/\",\"name\":\"InnerFocusBooks\",\"description\":\"Find inner peace and calm with our coloring healing journeys\",\"publisher\":{\"@id\":\"https:\/\/inner-focus-books.com\/#organization\"},\"potentialAction\":[{\"@type\":\"SearchAction\",\"target\":{\"@type\":\"EntryPoint\",\"urlTemplate\":\"https:\/\/inner-focus-books.com\/?s={search_term_string}\"},\"query-input\":{\"@type\":\"PropertyValueSpecification\",\"valueRequired\":true,\"valueName\":\"search_term_string\"}}],\"inLanguage\":\"de\"},{\"@type\":\"Organization\",\"@id\":\"https:\/\/inner-focus-books.com\/#organization\",\"name\":\"InnerFocusBooks\",\"url\":\"https:\/\/inner-focus-books.com\/\",\"logo\":{\"@type\":\"ImageObject\",\"inLanguage\":\"de\",\"@id\":\"https:\/\/inner-focus-books.com\/#\/schema\/logo\/image\/\",\"url\":\"https:\/\/inner-focus-books.com\/wp-content\/uploads\/2024\/11\/IFB_Logo-1.png\",\"contentUrl\":\"https:\/\/inner-focus-books.com\/wp-content\/uploads\/2024\/11\/IFB_Logo-1.png\",\"width\":2048,\"height\":2048,\"caption\":\"InnerFocusBooks\"},\"image\":{\"@id\":\"https:\/\/inner-focus-books.com\/#\/schema\/logo\/image\/\"}}]}<\/script>\n<!-- \/ Yoast SEO plugin. -->","yoast_head_json":{"title":"Who we are - InnerFocusBooks","robots":{"index":"index","follow":"follow","max-snippet":"max-snippet:-1","max-image-preview":"max-image-preview:large","max-video-preview":"max-video-preview:-1"},"canonical":"https:\/\/inner-focus-books.com\/de\/about\/","og_locale":"de_DE","og_type":"article","og_title":"Who we are - InnerFocusBooks","og_description":"Carsten Sch\u00f6fferle Carsten is an empathetic therapist and healer. Experienced in aiding with mental disorders like anxiety, depression, PTSD, sleep disorders, loneliness and social isolation, as well as burnout and fatigue, he has practiced for several years. This book series is a heartfelt project complimenting his therapeutic efforts, reaching more people than just the ones [&hellip;]","og_url":"https:\/\/inner-focus-books.com\/de\/about\/","og_site_name":"InnerFocusBooks","article_modified_time":"2024-12-09T07:53:54+00:00","og_image":[{"url":"https:\/\/inner-focus-books.com\/wp-content\/uploads\/2024\/11\/001-edited-scaled.jpg","type":"","width":"","height":""}],"twitter_card":"summary_large_image","twitter_misc":{"Gesch\u00e4tzte Lesezeit":"2 Minuten"},"schema":{"@context":"https:\/\/schema.org","@graph":[{"@type":"WebPage","@id":"https:\/\/inner-focus-books.com\/about\/","url":"https:\/\/inner-focus-books.com\/about\/","name":"Who we are - InnerFocusBooks","isPartOf":{"@id":"https:\/\/inner-focus-books.com\/#website"},"primaryImageOfPage":{"@id":"https:\/\/inner-focus-books.com\/about\/#primaryimage"},"image":{"@id":"https:\/\/inner-focus-books.com\/about\/#primaryimage"},"thumbnailUrl":"https:\/\/inner-focus-books.com\/wp-content\/uploads\/2024\/11\/001-edited-scaled.jpg","datePublished":"2024-12-07T12:52:32+00:00","dateModified":"2024-12-09T07:53:54+00:00","breadcrumb":{"@id":"https:\/\/inner-focus-books.com\/about\/#breadcrumb"},"inLanguage":"de","potentialAction":[{"@type":"ReadAction","target":["https:\/\/inner-focus-books.com\/about\/"]}]},{"@type":"ImageObject","inLanguage":"de","@id":"https:\/\/inner-focus-books.com\/about\/#primaryimage","url":"https:\/\/inner-focus-books.com\/wp-content\/uploads\/2024\/11\/001-edited-scaled.jpg","contentUrl":"https:\/\/inner-focus-books.com\/wp-content\/uploads\/2024\/11\/001-edited-scaled.jpg"},{"@type":"BreadcrumbList","@id":"https:\/\/inner-focus-books.com\/about\/#breadcrumb","itemListElement":[{"@type":"ListItem","position":1,"name":"Home","item":"https:\/\/inner-focus-books.com\/"},{"@type":"ListItem","position":2,"name":"Who we are"}]},{"@type":"WebSite","@id":"https:\/\/inner-focus-books.com\/#website","url":"https:\/\/inner-focus-books.com\/","name":"InnerFocusBooks","description":"Find inner peace and calm with our coloring healing journeys","publisher":{"@id":"https:\/\/inner-focus-books.com\/#organization"},"potentialAction":[{"@type":"SearchAction","target":{"@type":"EntryPoint","urlTemplate":"https:\/\/inner-focus-books.com\/?s={search_term_string}"},"query-input":{"@type":"PropertyValueSpecification","valueRequired":true,"valueName":"search_term_string"}}],"inLanguage":"de"},{"@type":"Organization","@id":"https:\/\/inner-focus-books.com\/#organization","name":"InnerFocusBooks","url":"https:\/\/inner-focus-books.com\/","logo":{"@type":"ImageObject","inLanguage":"de","@id":"https:\/\/inner-focus-books.com\/#\/schema\/logo\/image\/","url":"https:\/\/inner-focus-books.com\/wp-content\/uploads\/2024\/11\/IFB_Logo-1.png","contentUrl":"https:\/\/inner-focus-books.com\/wp-content\/uploads\/2024\/11\/IFB_Logo-1.png","width":2048,"height":2048,"caption":"InnerFocusBooks"},"image":{"@id":"https:\/\/inner-focus-books.com\/#\/schema\/logo\/image\/"}}]}},"_links":{"self":[{"href":"https:\/\/inner-focus-books.com\/de\/wp-json\/wp\/v2\/pages\/17","targetHints":{"allow":["GET"]}}],"collection":[{"href":"https:\/\/inner-focus-books.com\/de\/wp-json\/wp\/v2\/pages"}],"about":[{"href":"https:\/\/inner-focus-books.com\/de\/wp-json\/wp\/v2\/types\/page"}],"author":[{"embeddable":true,"href":"https:\/\/inner-focus-books.com\/de\/wp-json\/wp\/v2\/users\/1"}],"replies":[{"embeddable":true,"href":"https:\/\/inner-focus-books.com\/de\/wp-json\/wp\/v2\/comments?post=17"}],"version-history":[{"count":9,"href":"https:\/\/inner-focus-books.com\/de\/wp-json\/wp\/v2\/pages\/17\/revisions"}],"predecessor-version":[{"id":199,"href":"https:\/\/inner-focus-books.com\/de\/wp-json\/wp\/v2\/pages\/17\/revisions\/199"}],"wp:attachment":[{"href":"https:\/\/inner-focus-books.com\/de\/wp-json\/wp\/v2\/media?parent=17"}],"curies":[{"name":"wp","href":"https:\/\/api.w.org\/{rel}","templated":true}]}}